{"id":6700,"date":"2020-12-08T04:13:18","date_gmt":"2020-12-08T03:13:18","guid":{"rendered":"https:\/\/excursionsticketsdirect.com\/condiciones-generales"},"modified":"2024-10-17T10:02:50","modified_gmt":"2024-10-17T09:02:50","slug":"condiciones-generales","status":"publish","type":"page","link":"https:\/\/excursionsticketsdirect.com\/es\/condiciones-generales\/","title":{"rendered":"Condiciones generales"},"content":{"rendered":"\n<h2 class=\"wp-block-heading has-text-align-center\">Pol\u00edtica de cancelaci\u00f3n<\/h2>\n\n<p>En Excursions Tickets Direct, entendemos que los planes pueden cambiar inesperadamente, y nos esforzamos por ofrecer a nuestros clientes una experiencia sin complicaciones. Nuestra pol\u00edtica de cancelaci\u00f3n est\u00e1 dise\u00f1ada para ofrecer flexibilidad y adaptarse a diversas situaciones.<\/p>\n\n<h4 class=\"wp-block-heading\">1. Anulaciones est\u00e1ndar<\/h4>\n\n<p>Los clientes pueden cancelar sus reservas hasta 24 horas antes del d\u00eda previsto para la actividad sin incurrir en ning\u00fan gasto. Esto le da libertad para ajustar sus planes con antelaci\u00f3n, sin hacer preguntas.<\/p>\n\n<h4 class=\"wp-block-heading\">2. Cancelaciones por motivos de salud<\/h4>\n\n<p>Damos prioridad al bienestar de nuestros clientes y reconocemos que pueden surgir problemas de salud imprevistos. En tales casos, aceptamos cancelaciones con la condici\u00f3n de que se presente como prueba un justificante m\u00e9dico v\u00e1lido expedido por un m\u00e9dico colegiado. Esto garantiza que sus verdaderos problemas de salud se aborden con empat\u00eda y comprensi\u00f3n.<\/p>\n\n<h4 class=\"wp-block-heading\">3. Opciones de reprogramaci\u00f3n<\/h4>\n\n<p>La vida es impredecible, y lo entendemos. Si, por cualquier otro motivo, no puede acudir al viaje programado, le ofrecemos la comodidad de cambiar su reserva a otro d\u00eda adecuado. De este modo, no se perder\u00e1 las incre\u00edbles experiencias que le ofrecemos.<\/p>\n\n<p>Nuestro principal objetivo es crear una experiencia positiva y agradable para nuestros valiosos clientes. Con esta pol\u00edtica de cancelaci\u00f3n flexible, queremos que su viaje con nosotros sea lo menos estresante posible.<\/p>\n\n<p>posible. Si necesita ayuda o tiene alguna pregunta, no dude en ponerse en contacto con nuestro amable equipo de atenci\u00f3n al cliente.<\/p>\n\n<p>Gracias por elegir Excursions Tickets Direct. Esperamos poder ofrecerle recuerdos inolvidables en su pr\u00f3xima aventura.<\/p>\n","protected":false},"excerpt":{"rendered":"<p>Pol\u00edtica de cancelaci\u00f3n En Excursions Tickets Direct, entendemos que los planes pueden cambiar inesperadamente, y nos esforzamos por ofrecer a nuestros clientes una experiencia sin complicaciones. Nuestra pol\u00edtica de cancelaci\u00f3n est\u00e1 dise\u00f1ada para ofrecer flexibilidad y adaptarse a diversas situaciones. 1. Anulaciones est\u00e1ndar Los clientes pueden cancelar sus reservas hasta 24 horas antes del d\u00eda [&hellip;]<\/p>\n","protected":false},"author":1,"featured_media":0,"parent":0,"menu_order":0,"comment_status":"closed","ping_status":"closed","template":"","meta":{"site-sidebar-layout":"default","site-content-layout":"","ast-site-content-layout":"default","site-content-style":"default","site-sidebar-style":"default","ast-global-header-display":"","ast-banner-title-visibility":"","ast-main-header-display":"","ast-hfb-above-header-display":"","ast-hfb-below-header-display":"","ast-hfb-mobile-header-display":"","site-post-title":"","ast-breadcrumbs-content":"","ast-featured-img":"","footer-sml-layout":"","ast-disable-related-posts":"","theme-transparent-header-meta":"","adv-header-id-meta":"","stick-header-meta":"","header-above-stick-meta":"","header-main-stick-meta":"","header-below-stick-meta":"","astra-migrate-meta-layouts":"default","ast-page-background-enabled":"default","ast-page-background-meta":{"desktop":{"background-color":"var(--ast-global-color-4)","background-image":"","background-repeat":"repeat","background-position":"center center","background-size":"auto","background-attachment":"scroll","background-type":"","background-media":"","overlay-type":"","overlay-color":"","overlay-opacity":"","overlay-gradient":""},"tablet":{"background-color":"","background-image":"","background-repeat":"repeat","background-position":"center center","background-size":"auto","background-attachment":"scroll","background-type":"","background-media":"","overlay-type":"","overlay-color":"","overlay-opacity":"","overlay-gradient":""},"mobile":{"background-color":"","background-image":"","background-repeat":"repeat","background-position":"center center","background-size":"auto","background-attachment":"scroll","background-type":"","background-media":"","overlay-type":"","overlay-color":"","overlay-opacity":"","overlay-gradient":""}},"ast-content-background-meta":{"desktop":{"background-color":"var(--ast-global-color-5)","background-image":"","background-repeat":"repeat","background-position":"center center","background-size":"auto","background-attachment":"scroll","background-type":"","background-media":"","overlay-type":"","overlay-color":"","overlay-opacity":"","overlay-gradient":""},"tablet":{"background-color":"var(--ast-global-color-5)","background-image":"","background-repeat":"repeat","background-position":"center center","background-size":"auto","background-attachment":"scroll","background-type":"","background-media":"","overlay-type":"","overlay-color":"","overlay-opacity":"","overlay-gradient":""},"mobile":{"background-color":"var(--ast-global-color-5)","background-image":"","background-repeat":"repeat","background-position":"center center","background-size":"auto","background-attachment":"scroll","background-type":"","background-media":"","overlay-type":"","overlay-color":"","overlay-opacity":"","overlay-gradient":""}},"footnotes":""},"class_list":["post-6700","page","type-page","status-publish","hentry"],"yoast_head":"<!-- This site is optimized with the Yoast SEO plugin v27.4 - https:\/\/yoast.com\/product\/yoast-seo-wordpress\/ -->\n<title>Condiciones generales - Excursiones en Lanzarote | Excursions Tickets Direct<\/title>\n<meta name=\"robots\" content=\"index, follow, max-snippet:-1, max-image-preview:large, max-video-preview:-1\" \/>\n<link rel=\"canonical\" href=\"https:\/\/excursionsticketsdirect.com\/terms-and-conditions\/\" \/>\n<meta property=\"og:locale\" content=\"es_ES\" \/>\n<meta property=\"og:type\" content=\"article\" \/>\n<meta property=\"og:title\" content=\"Condiciones generales - Excursiones en Lanzarote | Excursions Tickets Direct\" \/>\n<meta property=\"og:description\" content=\"Pol\u00edtica de cancelaci\u00f3n En Excursions Tickets Direct, entendemos que los planes pueden cambiar inesperadamente, y nos esforzamos por ofrecer a nuestros clientes una experiencia sin complicaciones. Nuestra pol\u00edtica de cancelaci\u00f3n est\u00e1 dise\u00f1ada para ofrecer flexibilidad y adaptarse a diversas situaciones. 1. Anulaciones est\u00e1ndar Los clientes pueden cancelar sus reservas hasta 24 horas antes del d\u00eda [&hellip;]\" \/>\n<meta property=\"og:url\" content=\"https:\/\/excursionsticketsdirect.com\/terms-and-conditions\/\" \/>\n<meta property=\"og:site_name\" content=\"Excursiones en Lanzarote | Excursions Tickets Direct\" \/>\n<meta property=\"article:publisher\" content=\"https:\/\/www.facebook.com\/profile.php?id=100094135025554\" \/>\n<meta property=\"article:modified_time\" content=\"2024-10-17T09:02:50+00:00\" \/>\n<meta name=\"twitter:card\" content=\"summary_large_image\" \/>\n<meta name=\"twitter:label1\" content=\"Tiempo de lectura\" \/>\n\t<meta name=\"twitter:data1\" content=\"1 minuto\" \/>\n<script type=\"application\/ld+json\" class=\"yoast-schema-graph\">{\"@context\":\"https:\\\/\\\/schema.org\",\"@graph\":[{\"@type\":\"WebPage\",\"@id\":\"https:\\\/\\\/excursionsticketsdirect.com\\\/terms-and-conditions\\\/\",\"url\":\"https:\\\/\\\/excursionsticketsdirect.com\\\/terms-and-conditions\\\/\",\"name\":\"Condiciones generales - Excursiones en Lanzarote | Excursions Tickets Direct\",\"isPartOf\":{\"@id\":\"https:\\\/\\\/excursionsticketsdirect.com\\\/#website\"},\"datePublished\":\"2020-12-08T03:13:18+00:00\",\"dateModified\":\"2024-10-17T09:02:50+00:00\",\"breadcrumb\":{\"@id\":\"https:\\\/\\\/excursionsticketsdirect.com\\\/terms-and-conditions\\\/#breadcrumb\"},\"inLanguage\":\"es\",\"potentialAction\":[{\"@type\":\"ReadAction\",\"target\":[\"https:\\\/\\\/excursionsticketsdirect.com\\\/terms-and-conditions\\\/\"]}]},{\"@type\":\"BreadcrumbList\",\"@id\":\"https:\\\/\\\/excursionsticketsdirect.com\\\/terms-and-conditions\\\/#breadcrumb\",\"itemListElement\":[{\"@type\":\"ListItem\",\"position\":1,\"name\":\"Portada\",\"item\":\"https:\\\/\\\/excursionsticketsdirect.com\\\/\"},{\"@type\":\"ListItem\",\"position\":2,\"name\":\"Condiciones generales\"}]},{\"@type\":\"WebSite\",\"@id\":\"https:\\\/\\\/excursionsticketsdirect.com\\\/#website\",\"url\":\"https:\\\/\\\/excursionsticketsdirect.com\\\/\",\"name\":\"Excursions in Lanzarote | Excursions Tickets Direct\",\"description\":\"\u00a1Reserve su pr\u00f3xima aventura con Excursions Tickets Direct! Descubra los mejores tours y excursiones en Lanzarote y viva la isla como nunca antes. Desde emocionantes paisajes volc\u00e1nicos hasta impresionantes playas, le esperan nuestras aventuras cuidadosamente seleccionadas. \u00a1Asegura tu plaza ahora y crea recuerdos inolvidables en Lanzarote!\",\"publisher\":{\"@id\":\"https:\\\/\\\/excursionsticketsdirect.com\\\/#organization\"},\"potentialAction\":[{\"@type\":\"SearchAction\",\"target\":{\"@type\":\"EntryPoint\",\"urlTemplate\":\"https:\\\/\\\/excursionsticketsdirect.com\\\/?s={search_term_string}\"},\"query-input\":{\"@type\":\"PropertyValueSpecification\",\"valueRequired\":true,\"valueName\":\"search_term_string\"}}],\"inLanguage\":\"es\"},{\"@type\":\"Organization\",\"@id\":\"https:\\\/\\\/excursionsticketsdirect.com\\\/#organization\",\"name\":\"Excursions in Lanzarote | Excursions Tickets Direct\",\"url\":\"https:\\\/\\\/excursionsticketsdirect.com\\\/\",\"logo\":{\"@type\":\"ImageObject\",\"inLanguage\":\"es\",\"@id\":\"https:\\\/\\\/excursionsticketsdirect.com\\\/#\\\/schema\\\/logo\\\/image\\\/\",\"url\":\"https:\\\/\\\/excursionsticketsdirect.com\\\/wp-content\\\/uploads\\\/2023\\\/12\\\/cabecera-excursions-tickets-direct-logo.png\",\"contentUrl\":\"https:\\\/\\\/excursionsticketsdirect.com\\\/wp-content\\\/uploads\\\/2023\\\/12\\\/cabecera-excursions-tickets-direct-logo.png\",\"width\":250,\"height\":66,\"caption\":\"Excursions in Lanzarote | Excursions Tickets Direct\"},\"image\":{\"@id\":\"https:\\\/\\\/excursionsticketsdirect.com\\\/#\\\/schema\\\/logo\\\/image\\\/\"},\"sameAs\":[\"https:\\\/\\\/www.facebook.com\\\/profile.php?id=100094135025554\",\"https:\\\/\\\/www.instagram.com\\\/excursionsticketsdirect\\\/\",\"https:\\\/\\\/www.youtube.com\\\/@ExcursionsTicketsDirect\",\"https:\\\/\\\/www.tiktok.com\\\/@excursionsticketsdirect?_t=8f5GyywFxVA&_r=1\"]}]}<\/script>\n<!-- \/ Yoast SEO plugin. -->","yoast_head_json":{"title":"Condiciones generales - Excursiones en Lanzarote | Excursions Tickets Direct","robots":{"index":"index","follow":"follow","max-snippet":"max-snippet:-1","max-image-preview":"max-image-preview:large","max-video-preview":"max-video-preview:-1"},"canonical":"https:\/\/excursionsticketsdirect.com\/terms-and-conditions\/","og_locale":"es_ES","og_type":"article","og_title":"Condiciones generales - Excursiones en Lanzarote | Excursions Tickets Direct","og_description":"Pol\u00edtica de cancelaci\u00f3n En Excursions Tickets Direct, entendemos que los planes pueden cambiar inesperadamente, y nos esforzamos por ofrecer a nuestros clientes una experiencia sin complicaciones. Nuestra pol\u00edtica de cancelaci\u00f3n est\u00e1 dise\u00f1ada para ofrecer flexibilidad y adaptarse a diversas situaciones. 1. Anulaciones est\u00e1ndar Los clientes pueden cancelar sus reservas hasta 24 horas antes del d\u00eda [&hellip;]","og_url":"https:\/\/excursionsticketsdirect.com\/terms-and-conditions\/","og_site_name":"Excursiones en Lanzarote | Excursions Tickets Direct","article_publisher":"https:\/\/www.facebook.com\/profile.php?id=100094135025554","article_modified_time":"2024-10-17T09:02:50+00:00","twitter_card":"summary_large_image","twitter_misc":{"Tiempo de lectura":"1 minuto"},"schema":{"@context":"https:\/\/schema.org","@graph":[{"@type":"WebPage","@id":"https:\/\/excursionsticketsdirect.com\/terms-and-conditions\/","url":"https:\/\/excursionsticketsdirect.com\/terms-and-conditions\/","name":"Condiciones generales - Excursiones en Lanzarote | Excursions Tickets Direct","isPartOf":{"@id":"https:\/\/excursionsticketsdirect.com\/#website"},"datePublished":"2020-12-08T03:13:18+00:00","dateModified":"2024-10-17T09:02:50+00:00","breadcrumb":{"@id":"https:\/\/excursionsticketsdirect.com\/terms-and-conditions\/#breadcrumb"},"inLanguage":"es","potentialAction":[{"@type":"ReadAction","target":["https:\/\/excursionsticketsdirect.com\/terms-and-conditions\/"]}]},{"@type":"BreadcrumbList","@id":"https:\/\/excursionsticketsdirect.com\/terms-and-conditions\/#breadcrumb","itemListElement":[{"@type":"ListItem","position":1,"name":"Portada","item":"https:\/\/excursionsticketsdirect.com\/"},{"@type":"ListItem","position":2,"name":"Condiciones generales"}]},{"@type":"WebSite","@id":"https:\/\/excursionsticketsdirect.com\/#website","url":"https:\/\/excursionsticketsdirect.com\/","name":"Excursions in Lanzarote | Excursions Tickets Direct","description":"\u00a1Reserve su pr\u00f3xima aventura con Excursions Tickets Direct! Descubra los mejores tours y excursiones en Lanzarote y viva la isla como nunca antes. Desde emocionantes paisajes volc\u00e1nicos hasta impresionantes playas, le esperan nuestras aventuras cuidadosamente seleccionadas. \u00a1Asegura tu plaza ahora y crea recuerdos inolvidables en Lanzarote!","publisher":{"@id":"https:\/\/excursionsticketsdirect.com\/#organization"},"potentialAction":[{"@type":"SearchAction","target":{"@type":"EntryPoint","urlTemplate":"https:\/\/excursionsticketsdirect.com\/?s={search_term_string}"},"query-input":{"@type":"PropertyValueSpecification","valueRequired":true,"valueName":"search_term_string"}}],"inLanguage":"es"},{"@type":"Organization","@id":"https:\/\/excursionsticketsdirect.com\/#organization","name":"Excursions in Lanzarote | Excursions Tickets Direct","url":"https:\/\/excursionsticketsdirect.com\/","logo":{"@type":"ImageObject","inLanguage":"es","@id":"https:\/\/excursionsticketsdirect.com\/#\/schema\/logo\/image\/","url":"https:\/\/excursionsticketsdirect.com\/wp-content\/uploads\/2023\/12\/cabecera-excursions-tickets-direct-logo.png","contentUrl":"https:\/\/excursionsticketsdirect.com\/wp-content\/uploads\/2023\/12\/cabecera-excursions-tickets-direct-logo.png","width":250,"height":66,"caption":"Excursions in Lanzarote | Excursions Tickets Direct"},"image":{"@id":"https:\/\/excursionsticketsdirect.com\/#\/schema\/logo\/image\/"},"sameAs":["https:\/\/www.facebook.com\/profile.php?id=100094135025554","https:\/\/www.instagram.com\/excursionsticketsdirect\/","https:\/\/www.youtube.com\/@ExcursionsTicketsDirect","https:\/\/www.tiktok.com\/@excursionsticketsdirect?_t=8f5GyywFxVA&_r=1"]}]}},"_links":{"self":[{"href":"https:\/\/excursionsticketsdirect.com\/es\/wp-json\/wp\/v2\/pages\/6700","targetHints":{"allow":["GET"]}}],"collection":[{"href":"https:\/\/excursionsticketsdirect.com\/es\/wp-json\/wp\/v2\/pages"}],"about":[{"href":"https:\/\/excursionsticketsdirect.com\/es\/wp-json\/wp\/v2\/types\/page"}],"author":[{"embeddable":true,"href":"https:\/\/excursionsticketsdirect.com\/es\/wp-json\/wp\/v2\/users\/1"}],"replies":[{"embeddable":true,"href":"https:\/\/excursionsticketsdirect.com\/es\/wp-json\/wp\/v2\/comments?post=6700"}],"version-history":[{"count":0,"href":"https:\/\/excursionsticketsdirect.com\/es\/wp-json\/wp\/v2\/pages\/6700\/revisions"}],"wp:attachment":[{"href":"https:\/\/excursionsticketsdirect.com\/es\/wp-json\/wp\/v2\/media?parent=6700"}],"curies":[{"name":"wp","href":"https:\/\/api.w.org\/{rel}","templated":true}]}}