{"id":6698,"date":"2023-06-01T10:58:23","date_gmt":"2023-06-01T09:58:23","guid":{"rendered":"https:\/\/excursionsticketsdirect.com\/politica-de-privacidad"},"modified":"2024-10-17T10:02:34","modified_gmt":"2024-10-17T09:02:34","slug":"politica-de-privacidad","status":"publish","type":"page","link":"https:\/\/excursionsticketsdirect.com\/es\/politica-de-privacidad\/","title":{"rendered":"Pol\u00edtica de privacidad"},"content":{"rendered":"\n<h1 class=\"privacy-policy-h1\">Pol\u00edtica de privacidad <br\/><span>\u00daltima actualizaci\u00f3n el 16-feb-2024<\/span><br\/><span>Fecha de entrada en vigor 16-feb-2024<\/span>\n<\/h1>\n\n<p class=\"privacy-policy-p\">  Esta Pol\u00edtica de Privacidad describe las pol\u00edticas de Excursions Tickets Direct, C\/Bajamar, 26, Las Palmas 35510, Espa\u00f1a, email: info@excursionsticketsdirect.com, tel\u00e9fono: +34633229244 sobre la recogida, uso y divulgaci\u00f3n de tu informaci\u00f3n que recopilamos cuando utilizas nuestro sitio web ( https:\/\/excursionsticketsdirect.com ). (el &#8220;Servicio&#8221;). Al acceder o utilizar el Servicio, das tu consentimiento a la recopilaci\u00f3n, uso y divulgaci\u00f3n de tu informaci\u00f3n de acuerdo con esta Pol\u00edtica de privacidad. Si no das tu consentimiento, por favor, no accedas ni utilices el Servicio.   <\/p>\n\n<p class=\"privacy-policy-p\">  Podemos modificar esta Pol\u00edtica de Privacidad en cualquier momento sin previo aviso y publicaremos la Pol\u00edtica de Privacidad revisada en el Servicio. La Pol\u00edtica revisada entrar\u00e1 en vigor a los 180 d\u00edas de su publicaci\u00f3n en el Servicio y tu acceso o uso continuado del Servicio despu\u00e9s de dicho plazo constituir\u00e1 tu aceptaci\u00f3n de la Pol\u00edtica de Privacidad revisada. Por lo tanto, te recomendamos que revises peri\u00f3dicamente esta p\u00e1gina.    <\/p>\n\n<ol class=\"privacy-policy-ol\">\n        <li>\n        <h2 class=\"privacy-policy-h2\">  Informaci\u00f3n que recogemos:  <\/h2>\n\n        \n        <p class=\"privacy-policy-p\">  Recogeremos y procesaremos la siguiente informaci\u00f3n personal sobre ti:  <\/p>\n        <ol class=\"privacy-policy-ol\">\n\n                        <li>Nombre<\/li>\n            \n                        <li>Correo electr\u00f3nico<\/li>\n            \n                        <li>M\u00f3vil<\/li>\n            \n            \n            \n                        <li>Direcci\u00f3n<\/li>\n            \n            \n                        <li>Informaci\u00f3n de pago<\/li>\n                        \n                                    \n        <\/ol>\n        \n\n        \n\n    <\/li>\n\n    \n        <li>\n        <h2 class=\"privacy-policy-h2\">  C\u00f3mo recogemos tu informaci\u00f3n:  <\/h2>\n        <p class=\"privacy-policy-p\">  Recogemos\/recibimos informaci\u00f3n sobre ti de la siguiente manera:  <\/p>\n        <ol class=\"privacy-policy-ol\">\n\n                        <li>Cuando un usuario rellena el formulario de registro o env\u00eda informaci\u00f3n personal de otro modo<\/li>\n            <li>Interact\u00faa con el sitio web<\/li>\n            \n                        <li>De fuentes p\u00fablicas<\/li>\n            \n        <\/ol>\n    <\/li>\n\n    \n\n        <li>\n        <h2 class=\"privacy-policy-h2\">  C\u00f3mo utilizamos tu informaci\u00f3n:  <\/h2>\n        <p class=\"privacy-policy-p\">  Utilizaremos la informaci\u00f3n que recopilemos sobre ti para los siguientes fines:  <\/p>\n        <ol class=\"privacy-policy-ol\">\n\n                        <li>Marketing\/Promoci\u00f3n<\/li>\n            \n                        <li>Crear una cuenta de usuario<\/li>\n            \n                        <li>Testimonios<\/li>\n            \n                        <li>Recogida de opiniones de los clientes<\/li>\n            \n            \n                        <li>Procesar el pago<\/li>\n            \n                        <li>Ayuda<\/li>\n            \n                        <li>Informaci\u00f3n administrativa<\/li>\n            \n            \n                        <li>Gestionar los pedidos de los clientes<\/li>\n            \n                        <li>Protecci\u00f3n del emplazamiento<\/li>\n            \n            \n                        <li>Resoluci\u00f3n de litigios<\/li>\n            \n                        <li>Gestionar la cuenta de usuario<\/li>\n            \n        <\/ol>\n        <p class=\"privacy-policy-p\">  Si queremos utilizar tus datos para cualquier otro fin, te pediremos tu consentimiento y utilizaremos tus datos s\u00f3lo cuando recibamos tu consentimiento y, en ese caso, s\u00f3lo para el fin o fines para los que otorgamos el consentimiento, a menos que la ley nos obligue a hacer otra cosa.  <\/p>\n    <\/li>\n    \n    \n    <li>\n        <h2 class=\"privacy-policy-h2\">  C\u00f3mo compartimos tu informaci\u00f3n:  <\/h2>\n\n\n                <p class=\"privacy-policy-p\">  No transferiremos tu informaci\u00f3n personal a terceros sin solicitar tu consentimiento, excepto en circunstancias limitadas como se describe a continuaci\u00f3n:  <\/p>\n        <ol class=\"privacy-policy-ol\">\n                        <li>Servicio de anuncios<\/li>\n            \n                        <li>Patrocinadores<\/li>\n            \n                        <li>Agencias de marketing<\/li>\n            \n                        <li>Personas jur\u00eddicas<\/li>\n            \n                        <li>Anal\u00edtica<\/li>\n            \n                        <li>Servicios de recuperaci\u00f3n de pagos<\/li>\n            \n                        <li>Recogida y proceso de datos<\/li>\n                    <\/ol>\n        \n        <p class=\"privacy-policy-p\">  Exigimos a dichos terceros que utilicen la informaci\u00f3n personal que les transferimos \u00fanicamente para el fin para el que fue transferida y que no la conserven durante m\u00e1s tiempo del necesario para cumplir dicho fin.  <\/p>\n        <p class=\"privacy-policy-p\">  Tambi\u00e9n podemos revelar tu informaci\u00f3n personal para lo siguiente (1) para cumplir con la ley, normativa, orden judicial u otro proceso legal aplicable; (2) para hacer cumplir tus acuerdos con nosotros, incluida esta Pol\u00edtica de Privacidad; o (3) para responder a reclamaciones de que tu uso del Servicio viola cualquier derecho de terceros. Si el Servicio o nuestra empresa se fusionan o adquieren con otra empresa, tu informaci\u00f3n ser\u00e1 uno de los activos que se transfieran al nuevo propietario.   <\/p>\n    <\/li>\n    \n\n        <li>\n        <h2 class=\"privacy-policy-h2\">  Conservaci\u00f3n de tu informaci\u00f3n:  <\/h2>\n        <p class=\"privacy-policy-p\">  Conservaremos tu informaci\u00f3n personal entre 90 d\u00edas y 2 a\u00f1os despu\u00e9s de que los usuarios cancelen sus cuentas o durante el tiempo que la necesitemos para cumplir los fines para los que fue recopilada, tal y como se detalla en esta Pol\u00edtica de privacidad. Es posible que necesitemos conservar cierta informaci\u00f3n durante per\u00edodos m\u00e1s largos, como el mantenimiento de registros\/informes de acuerdo con la legislaci\u00f3n aplicable o por otras razones leg\u00edtimas como el cumplimiento de derechos legales, la prevenci\u00f3n del fraude, etc. La informaci\u00f3n an\u00f3nima residual y la informaci\u00f3n agregada, ninguna de las cuales te identifica (directa o indirectamente), pueden almacenarse indefinidamente.    <\/p>\n    <\/li>\n    \n    <li>\n        <h2 class=\"privacy-policy-h2\">  Tus derechos:  <\/h2>\n        <p class=\"privacy-policy-p\">  Dependiendo de la legislaci\u00f3n aplicable, puedes tener derecho a acceder y rectificar o borrar tus datos personales o recibir una copia de los mismos, restringir u oponerte al tratamiento activo de tus datos, pedirnos que compartamos (portemos) tu informaci\u00f3n personal a otra entidad, retirar cualquier consentimiento que nos hayas proporcionado para el tratamiento de tus datos, derecho a presentar una reclamaci\u00f3n ante una autoridad legal y otros derechos que puedan ser pertinentes seg\u00fan la legislaci\u00f3n aplicable. Para ejercer estos derechos, puedes escribirnos a info@excursionsticketsdirect.com. Responderemos a tu solicitud de conformidad con la legislaci\u00f3n aplicable.    <\/p>\n\n                <p class=\"privacy-policy-p\">  Puedes excluirte de las comunicaciones de marketing directo o de la elaboraci\u00f3n de perfiles que realizamos con fines de marketing escribi\u00e9ndonos a info@excursionsticketsdirect.com.  <\/p>\n        \n        <p class=\"privacy-policy-p\">  Ten en cuenta que si no nos permites recoger o procesar la informaci\u00f3n personal requerida o retiras el consentimiento para procesar la misma para los fines requeridos, es posible que no puedas acceder o utilizar los servicios para los que se solicitaron tus datos.  <\/p>\n    <\/li>\n        <li>\n        <h2 class=\"privacy-policy-h2\">  Cookies Etc.  <\/h2>\n        <p class=\"privacy-policy-p\">  Para obtener m\u00e1s informaci\u00f3n sobre c\u00f3mo las utilizamos y tus opciones en relaci\u00f3n con estas tecnolog\u00edas de rastreo, consulta nuestra <a href=\"https:\/\/excursionsticketsdirect.com\/es\/politica-de-privacidad\/\">Pol\u00edtica de Cookies.<\/a>\n        <\/p>\n    <\/li>\n    \n    <li>\n        <h2 class=\"privacy-policy-h2\">  Seguridad:  <\/h2>\n        <p class=\"privacy-policy-p\">  La seguridad de tu informaci\u00f3n es importante para nosotros y utilizaremos medidas de seguridad razonables para evitar la p\u00e9rdida, el uso indebido o la alteraci\u00f3n no autorizada de tu informaci\u00f3n bajo nuestro control. Sin embargo, dados los riesgos inherentes, no podemos garantizar una seguridad absoluta y, en consecuencia, no podemos asegurar ni garantizar la seguridad de ninguna informaci\u00f3n que nos transmitas y lo haces por tu cuenta y riesgo.   <\/p>\n    <\/li>\n\n    \n    <li>\n        <h2 class=\"privacy-policy-h2\">  Responsable de Reclamaciones \/ Protecci\u00f3n de Datos:  <\/h2>\n        <p class=\"privacy-policy-p\">  Si tienes alguna duda o consulta sobre el tratamiento de tus datos que tenemos a tu disposici\u00f3n, puedes enviar un correo electr\u00f3nico a nuestro Responsable de Quejas a Excursions Tickets Direct, C. Bajamar, 26, 35510 T\u00edas, Las Palmas, correo electr\u00f3nico: info@excursionsticketsdirect.com. Trataremos tus dudas de acuerdo con la legislaci\u00f3n aplicable.  <\/p>\n    <\/li>\n<\/ol>\n<p class=\"privacy-policy-p\">  Pol\u00edtica de privacidad generada con <a target=\"_blank\" href=\"https:\/\/www.cookieyes.com\/?utm_source=PP&#038;utm_medium=footer&#038;utm_campaign=UW\" rel=\"noopener\">CookieYes<\/a>.  <\/p>\n","protected":false},"excerpt":{"rendered":"<p>Pol\u00edtica de privacidad \u00daltima actualizaci\u00f3n el 16-feb-2024Fecha de entrada en vigor 16-feb-2024 Esta Pol\u00edtica de Privacidad describe las pol\u00edticas de Excursions Tickets Direct, C\/Bajamar, 26, Las Palmas 35510, Espa\u00f1a, email: info@excursionsticketsdirect.com, tel\u00e9fono: +34633229244 sobre la recogida, uso y divulgaci\u00f3n de tu informaci\u00f3n que recopilamos cuando utilizas nuestro sitio web ( https:\/\/excursionsticketsdirect.com ). (el &#8220;Servicio&#8221;). Al [&hellip;]<\/p>\n","protected":false},"author":1,"featured_media":0,"parent":0,"menu_order":0,"comment_status":"closed","ping_status":"closed","template":"","meta":{"site-sidebar-layout":"default","site-content-layout":"","ast-site-content-layout":"default","site-content-style":"default","site-sidebar-style":"default","ast-global-header-display":"","ast-banner-title-visibility":"","ast-main-header-display":"","ast-hfb-above-header-display":"","ast-hfb-below-header-display":"","ast-hfb-mobile-header-display":"","site-post-title":"","ast-breadcrumbs-content":"","ast-featured-img":"","footer-sml-layout":"","ast-disable-related-posts":"","theme-transparent-header-meta":"","adv-header-id-meta":"","stick-header-meta":"","header-above-stick-meta":"","header-main-stick-meta":"","header-below-stick-meta":"","astra-migrate-meta-layouts":"default","ast-page-background-enabled":"default","ast-page-background-meta":{"desktop":{"background-color":"var(--ast-global-color-4)","background-image":"","background-repeat":"repeat","background-position":"center center","background-size":"auto","background-attachment":"scroll","background-type":"","background-media":"","overlay-type":"","overlay-color":"","overlay-opacity":"","overlay-gradient":""},"tablet":{"background-color":"","background-image":"","background-repeat":"repeat","background-position":"center center","background-size":"auto","background-attachment":"scroll","background-type":"","background-media":"","overlay-type":"","overlay-color":"","overlay-opacity":"","overlay-gradient":""},"mobile":{"background-color":"","background-image":"","background-repeat":"repeat","background-position":"center center","background-size":"auto","background-attachment":"scroll","background-type":"","background-media":"","overlay-type":"","overlay-color":"","overlay-opacity":"","overlay-gradient":""}},"ast-content-background-meta":{"desktop":{"background-color":"var(--ast-global-color-5)","background-image":"","background-repeat":"repeat","background-position":"center center","background-size":"auto","background-attachment":"scroll","background-type":"","background-media":"","overlay-type":"","overlay-color":"","overlay-opacity":"","overlay-gradient":""},"tablet":{"background-color":"var(--ast-global-color-5)","background-image":"","background-repeat":"repeat","background-position":"center center","background-size":"auto","background-attachment":"scroll","background-type":"","background-media":"","overlay-type":"","overlay-color":"","overlay-opacity":"","overlay-gradient":""},"mobile":{"background-color":"var(--ast-global-color-5)","background-image":"","background-repeat":"repeat","background-position":"center center","background-size":"auto","background-attachment":"scroll","background-type":"","background-media":"","overlay-type":"","overlay-color":"","overlay-opacity":"","overlay-gradient":""}},"footnotes":""},"class_list":["post-6698","page","type-page","status-publish","hentry"],"yoast_head":"<!-- This site is optimized with the Yoast SEO plugin v27.4 - https:\/\/yoast.com\/product\/yoast-seo-wordpress\/ -->\n<title>Pol\u00edtica de privacidad - Excursiones en Lanzarote | Excursions Tickets Direct<\/title>\n<meta name=\"robots\" content=\"index, follow, max-snippet:-1, max-image-preview:large, max-video-preview:-1\" \/>\n<link rel=\"canonical\" href=\"https:\/\/excursionsticketsdirect.com\/privacy-policy\/\" \/>\n<meta property=\"og:locale\" content=\"es_ES\" \/>\n<meta property=\"og:type\" content=\"article\" \/>\n<meta property=\"og:title\" content=\"Pol\u00edtica de privacidad - Excursiones en Lanzarote | Excursions Tickets Direct\" \/>\n<meta property=\"og:description\" content=\"Pol\u00edtica de privacidad \u00daltima actualizaci\u00f3n el 16-feb-2024Fecha de entrada en vigor 16-feb-2024 Esta Pol\u00edtica de Privacidad describe las pol\u00edticas de Excursions Tickets Direct, C\/Bajamar, 26, Las Palmas 35510, Espa\u00f1a, email: info@excursionsticketsdirect.com, tel\u00e9fono: +34633229244 sobre la recogida, uso y divulgaci\u00f3n de tu informaci\u00f3n que recopilamos cuando utilizas nuestro sitio web ( https:\/\/excursionsticketsdirect.com ). (el &#8220;Servicio&#8221;). Al [&hellip;]\" \/>\n<meta property=\"og:url\" content=\"https:\/\/excursionsticketsdirect.com\/privacy-policy\/\" \/>\n<meta property=\"og:site_name\" content=\"Excursiones en Lanzarote | Excursions Tickets Direct\" \/>\n<meta property=\"article:publisher\" content=\"https:\/\/www.facebook.com\/profile.php?id=100094135025554\" \/>\n<meta property=\"article:modified_time\" content=\"2024-10-17T09:02:34+00:00\" \/>\n<meta name=\"twitter:card\" content=\"summary_large_image\" \/>\n<meta name=\"twitter:label1\" content=\"Tiempo de lectura\" \/>\n\t<meta name=\"twitter:data1\" content=\"5 minutos\" \/>\n<script type=\"application\/ld+json\" class=\"yoast-schema-graph\">{\"@context\":\"https:\\\/\\\/schema.org\",\"@graph\":[{\"@type\":\"WebPage\",\"@id\":\"https:\\\/\\\/excursionsticketsdirect.com\\\/privacy-policy\\\/\",\"url\":\"https:\\\/\\\/excursionsticketsdirect.com\\\/privacy-policy\\\/\",\"name\":\"Pol\u00edtica de privacidad - Excursiones en Lanzarote | Excursions Tickets Direct\",\"isPartOf\":{\"@id\":\"https:\\\/\\\/excursionsticketsdirect.com\\\/#website\"},\"datePublished\":\"2023-06-01T09:58:23+00:00\",\"dateModified\":\"2024-10-17T09:02:34+00:00\",\"breadcrumb\":{\"@id\":\"https:\\\/\\\/excursionsticketsdirect.com\\\/privacy-policy\\\/#breadcrumb\"},\"inLanguage\":\"es\",\"potentialAction\":[{\"@type\":\"ReadAction\",\"target\":[\"https:\\\/\\\/excursionsticketsdirect.com\\\/privacy-policy\\\/\"]}]},{\"@type\":\"BreadcrumbList\",\"@id\":\"https:\\\/\\\/excursionsticketsdirect.com\\\/privacy-policy\\\/#breadcrumb\",\"itemListElement\":[{\"@type\":\"ListItem\",\"position\":1,\"name\":\"Portada\",\"item\":\"https:\\\/\\\/excursionsticketsdirect.com\\\/\"},{\"@type\":\"ListItem\",\"position\":2,\"name\":\"Pol\u00edtica de privacidad\"}]},{\"@type\":\"WebSite\",\"@id\":\"https:\\\/\\\/excursionsticketsdirect.com\\\/#website\",\"url\":\"https:\\\/\\\/excursionsticketsdirect.com\\\/\",\"name\":\"Excursions in Lanzarote | Excursions Tickets Direct\",\"description\":\"\u00a1Reserve su pr\u00f3xima aventura con Excursions Tickets Direct! Descubra los mejores tours y excursiones en Lanzarote y viva la isla como nunca antes. Desde emocionantes paisajes volc\u00e1nicos hasta impresionantes playas, le esperan nuestras aventuras cuidadosamente seleccionadas. \u00a1Asegura tu plaza ahora y crea recuerdos inolvidables en Lanzarote!\",\"publisher\":{\"@id\":\"https:\\\/\\\/excursionsticketsdirect.com\\\/#organization\"},\"potentialAction\":[{\"@type\":\"SearchAction\",\"target\":{\"@type\":\"EntryPoint\",\"urlTemplate\":\"https:\\\/\\\/excursionsticketsdirect.com\\\/?s={search_term_string}\"},\"query-input\":{\"@type\":\"PropertyValueSpecification\",\"valueRequired\":true,\"valueName\":\"search_term_string\"}}],\"inLanguage\":\"es\"},{\"@type\":\"Organization\",\"@id\":\"https:\\\/\\\/excursionsticketsdirect.com\\\/#organization\",\"name\":\"Excursions in Lanzarote | Excursions Tickets Direct\",\"url\":\"https:\\\/\\\/excursionsticketsdirect.com\\\/\",\"logo\":{\"@type\":\"ImageObject\",\"inLanguage\":\"es\",\"@id\":\"https:\\\/\\\/excursionsticketsdirect.com\\\/#\\\/schema\\\/logo\\\/image\\\/\",\"url\":\"https:\\\/\\\/excursionsticketsdirect.com\\\/wp-content\\\/uploads\\\/2023\\\/12\\\/cabecera-excursions-tickets-direct-logo.png\",\"contentUrl\":\"https:\\\/\\\/excursionsticketsdirect.com\\\/wp-content\\\/uploads\\\/2023\\\/12\\\/cabecera-excursions-tickets-direct-logo.png\",\"width\":250,\"height\":66,\"caption\":\"Excursions in Lanzarote | Excursions Tickets Direct\"},\"image\":{\"@id\":\"https:\\\/\\\/excursionsticketsdirect.com\\\/#\\\/schema\\\/logo\\\/image\\\/\"},\"sameAs\":[\"https:\\\/\\\/www.facebook.com\\\/profile.php?id=100094135025554\",\"https:\\\/\\\/www.instagram.com\\\/excursionsticketsdirect\\\/\",\"https:\\\/\\\/www.youtube.com\\\/@ExcursionsTicketsDirect\",\"https:\\\/\\\/www.tiktok.com\\\/@excursionsticketsdirect?_t=8f5GyywFxVA&_r=1\"]}]}<\/script>\n<!-- \/ Yoast SEO plugin. -->","yoast_head_json":{"title":"Pol\u00edtica de privacidad - Excursiones en Lanzarote | Excursions Tickets Direct","robots":{"index":"index","follow":"follow","max-snippet":"max-snippet:-1","max-image-preview":"max-image-preview:large","max-video-preview":"max-video-preview:-1"},"canonical":"https:\/\/excursionsticketsdirect.com\/privacy-policy\/","og_locale":"es_ES","og_type":"article","og_title":"Pol\u00edtica de privacidad - Excursiones en Lanzarote | Excursions Tickets Direct","og_description":"Pol\u00edtica de privacidad \u00daltima actualizaci\u00f3n el 16-feb-2024Fecha de entrada en vigor 16-feb-2024 Esta Pol\u00edtica de Privacidad describe las pol\u00edticas de Excursions Tickets Direct, C\/Bajamar, 26, Las Palmas 35510, Espa\u00f1a, email: info@excursionsticketsdirect.com, tel\u00e9fono: +34633229244 sobre la recogida, uso y divulgaci\u00f3n de tu informaci\u00f3n que recopilamos cuando utilizas nuestro sitio web ( https:\/\/excursionsticketsdirect.com ). (el &#8220;Servicio&#8221;). Al [&hellip;]","og_url":"https:\/\/excursionsticketsdirect.com\/privacy-policy\/","og_site_name":"Excursiones en Lanzarote | Excursions Tickets Direct","article_publisher":"https:\/\/www.facebook.com\/profile.php?id=100094135025554","article_modified_time":"2024-10-17T09:02:34+00:00","twitter_card":"summary_large_image","twitter_misc":{"Tiempo de lectura":"5 minutos"},"schema":{"@context":"https:\/\/schema.org","@graph":[{"@type":"WebPage","@id":"https:\/\/excursionsticketsdirect.com\/privacy-policy\/","url":"https:\/\/excursionsticketsdirect.com\/privacy-policy\/","name":"Pol\u00edtica de privacidad - Excursiones en Lanzarote | Excursions Tickets Direct","isPartOf":{"@id":"https:\/\/excursionsticketsdirect.com\/#website"},"datePublished":"2023-06-01T09:58:23+00:00","dateModified":"2024-10-17T09:02:34+00:00","breadcrumb":{"@id":"https:\/\/excursionsticketsdirect.com\/privacy-policy\/#breadcrumb"},"inLanguage":"es","potentialAction":[{"@type":"ReadAction","target":["https:\/\/excursionsticketsdirect.com\/privacy-policy\/"]}]},{"@type":"BreadcrumbList","@id":"https:\/\/excursionsticketsdirect.com\/privacy-policy\/#breadcrumb","itemListElement":[{"@type":"ListItem","position":1,"name":"Portada","item":"https:\/\/excursionsticketsdirect.com\/"},{"@type":"ListItem","position":2,"name":"Pol\u00edtica de privacidad"}]},{"@type":"WebSite","@id":"https:\/\/excursionsticketsdirect.com\/#website","url":"https:\/\/excursionsticketsdirect.com\/","name":"Excursions in Lanzarote | Excursions Tickets Direct","description":"\u00a1Reserve su pr\u00f3xima aventura con Excursions Tickets Direct! Descubra los mejores tours y excursiones en Lanzarote y viva la isla como nunca antes. Desde emocionantes paisajes volc\u00e1nicos hasta impresionantes playas, le esperan nuestras aventuras cuidadosamente seleccionadas. \u00a1Asegura tu plaza ahora y crea recuerdos inolvidables en Lanzarote!","publisher":{"@id":"https:\/\/excursionsticketsdirect.com\/#organization"},"potentialAction":[{"@type":"SearchAction","target":{"@type":"EntryPoint","urlTemplate":"https:\/\/excursionsticketsdirect.com\/?s={search_term_string}"},"query-input":{"@type":"PropertyValueSpecification","valueRequired":true,"valueName":"search_term_string"}}],"inLanguage":"es"},{"@type":"Organization","@id":"https:\/\/excursionsticketsdirect.com\/#organization","name":"Excursions in Lanzarote | Excursions Tickets Direct","url":"https:\/\/excursionsticketsdirect.com\/","logo":{"@type":"ImageObject","inLanguage":"es","@id":"https:\/\/excursionsticketsdirect.com\/#\/schema\/logo\/image\/","url":"https:\/\/excursionsticketsdirect.com\/wp-content\/uploads\/2023\/12\/cabecera-excursions-tickets-direct-logo.png","contentUrl":"https:\/\/excursionsticketsdirect.com\/wp-content\/uploads\/2023\/12\/cabecera-excursions-tickets-direct-logo.png","width":250,"height":66,"caption":"Excursions in Lanzarote | Excursions Tickets Direct"},"image":{"@id":"https:\/\/excursionsticketsdirect.com\/#\/schema\/logo\/image\/"},"sameAs":["https:\/\/www.facebook.com\/profile.php?id=100094135025554","https:\/\/www.instagram.com\/excursionsticketsdirect\/","https:\/\/www.youtube.com\/@ExcursionsTicketsDirect","https:\/\/www.tiktok.com\/@excursionsticketsdirect?_t=8f5GyywFxVA&_r=1"]}]}},"_links":{"self":[{"href":"https:\/\/excursionsticketsdirect.com\/es\/wp-json\/wp\/v2\/pages\/6698","targetHints":{"allow":["GET"]}}],"collection":[{"href":"https:\/\/excursionsticketsdirect.com\/es\/wp-json\/wp\/v2\/pages"}],"about":[{"href":"https:\/\/excursionsticketsdirect.com\/es\/wp-json\/wp\/v2\/types\/page"}],"author":[{"embeddable":true,"href":"https:\/\/excursionsticketsdirect.com\/es\/wp-json\/wp\/v2\/users\/1"}],"replies":[{"embeddable":true,"href":"https:\/\/excursionsticketsdirect.com\/es\/wp-json\/wp\/v2\/comments?post=6698"}],"version-history":[{"count":0,"href":"https:\/\/excursionsticketsdirect.com\/es\/wp-json\/wp\/v2\/pages\/6698\/revisions"}],"wp:attachment":[{"href":"https:\/\/excursionsticketsdirect.com\/es\/wp-json\/wp\/v2\/media?parent=6698"}],"curies":[{"name":"wp","href":"https:\/\/api.w.org\/{rel}","templated":true}]}}