{"id":6695,"date":"2023-06-21T16:18:16","date_gmt":"2023-06-21T15:18:16","guid":{"rendered":"https:\/\/excursionsticketsdirect.com\/aviso-legal"},"modified":"2024-10-17T10:02:34","modified_gmt":"2024-10-17T09:02:34","slug":"aviso-legal","status":"publish","type":"page","link":"https:\/\/excursionsticketsdirect.com\/es\/aviso-legal\/","title":{"rendered":"Aviso legal"},"content":{"rendered":"\n<h3 class=\"wp-block-heading\">Identificaci\u00f3n y propiedad<\/h3>\n\n<p>En cumplimiento del art\u00edculo 10 de la Ley 34\/2002, de 11 de julio, de Servicios de la Sociedad de la Informaci\u00f3n y Comercio Electr\u00f3nico, el Titular expone sus datos identificativos.<\/p>\n\n<ul class=\"wp-block-list\">\n<li><strong>Propietario:<\/strong> Gerry kireti Ghebreyesus<\/li>\n\n\n\n<li><strong>NIF:<\/strong> Y1071316J<\/li>\n\n\n\n<li><strong>Direcci\u00f3n:<\/strong> C\/ La Rosa 14\/20 &#8211; Costa Teguise(35508), Las Palmas &#8211; Espa\u00f1a.<\/li>\n\n\n\n<li><strong>Correo electr\u00f3nico:<\/strong> info@excursionsticketsdirect.com<\/li>\n\n\n\n<li><strong>Sitio Web:<\/strong> <a href=\"https:\/\/excursionsticketsdirect.com\/es\">https:\/\/excursionsticketsdirect.com<\/a><\/li>\n<\/ul>\n\n<h3 class=\"wp-block-heading\">Prop\u00f3sito<\/h3>\n\n<p>La finalidad del sitio Web <a href=\"https:\/\/excursionsticketsdirect.com\/es\"><\/a><a href=\"https:\/\/raymar.immo\/\">https:\/\/excursionsticketsdirect.com<\/a> es Tienda online de venta de zapatos.<\/p>\n\n<h3 class=\"wp-block-heading\">Condiciones de uso<\/h3>\n\n<p>La utilizaci\u00f3n del sitio web te atribuye la condici\u00f3n de Usuario, e implica la aceptaci\u00f3n plena de todas las cl\u00e1usulas y condiciones de uso incluidas en las p\u00e1ginas:<\/p>\n\n<ul class=\"wp-block-list\">\n<li>\n          <a href=\"https:\/\/excursionsticketsdirect.com\/es\/aviso-legal\/\" target=\"_blank\" rel=\"noreferrer noopener\">Aviso Legal<\/a>\n        <\/li>\n\n\n\n<li>\n          <a href=\"https:\/\/excursionsticketsdirect.com\/es\/politica-de-privacidad\/\" target=\"_blank\" rel=\"noreferrer noopener\">Pol\u00edtica de privacidad<\/a>\n        <\/li>\n\n\n\n<li>\n          <a href=\"https:\/\/excursionsticketsdirect.com\/cookies-policy\" target=\"_blank\" rel=\"noreferrer noopener\">Pol\u00edtica de Cookies<\/a>\n        <\/li>\n<\/ul>\n\n<p>Si no est\u00e1s de acuerdo con todos y cada uno de estos t\u00e9rminos y condiciones, te abstendr\u00e1s de utilizar este sitio web.<\/p>\n\n<p>El acceso a este sitio web no supone, en modo alguno, el inicio de una relaci\u00f3n comercial con Excursions Tickets Direct.<\/p>\n\n<p>A trav\u00e9s de este sitio web, el Titular te facilita el acceso y la utilizaci\u00f3n de diversos contenidos que el Titular o sus colaboradores han publicado en Internet.<\/p>\n\n<p>A tal efecto, te comprometes y te obligas a NO utilizar cualquiera de los contenidos del sitio web con fines o efectos il\u00edcitos, prohibidos en el presente Aviso Legal o por la legislaci\u00f3n vigente, lesivos de los derechos e intereses de terceros, o que de cualquier forma puedan da\u00f1ar, inutilizar, sobrecargar, deteriorar o impedir la normal utilizaci\u00f3n de los contenidos, los equipos inform\u00e1ticos o los documentos, archivos y toda clase de contenidos almacenados en cualquier equipo inform\u00e1tico propios o contratados por Excursions Tickets Direct, de otros usuarios o de cualquier usuario de Internet.<\/p>\n\n<h3 class=\"wp-block-heading\">Medidas de seguridad<\/h3>\n\n<p>Los datos personales que facilites al Titular podr\u00e1n ser almacenados en bases de datos automatizadas o no, cuya titularidad corresponde en exclusiva a Excursions Tickets Direct, asumiendo \u00e9sta todas las medidas de \u00edndole t\u00e9cnica, organizativa y de seguridad que garantizan la confidencialidad, integridad y calidad de la informaci\u00f3n contenida en las mismas de acuerdo con lo establecido en la normativa vigente en protecci\u00f3n de datos.<\/p>\n\n<p>No obstante, debes ser consciente de que las medidas de seguridad de los sistemas inform\u00e1ticos en Internet no son enteramente fiables y que, por tanto, el Titular no puede garantizar la inexistencia de virus u otros elementos que puedan producir alteraciones en los sistemas inform\u00e1ticos (software y hardware) del Usuario o en sus documentos electr\u00f3nicos y ficheros contenidos en los mismos, aunque el Titular realiza sus mejores esfuerzos y adopta las medidas de seguridad necesarias para evitar la presencia de estos elementos da\u00f1inos.<\/p>\n\n<h3 class=\"wp-block-heading\">Tratamiento de datos personales<\/h3>\n\n<p>Puedes consultar toda la informaci\u00f3n relativa al tratamiento de datos personales que recoge el Titular en la p\u00e1gina de <a href=\"https:\/\/excursionsticketsdirect.com\/es\/politica-de-privacidad\/\" target=\"_blank\" rel=\"noreferrer noopener\">Pol\u00edtica de Privacidad<\/a>.<\/p>\n\n<h3 class=\"wp-block-heading\">Contenido<\/h3>\n\n<p>El Propietario ha obtenido la informaci\u00f3n, el contenido multimedia y los materiales contenidos en el sitio web de fuentes que considera fiables, pero aunque se han tomado todas las precauciones razonables para garantizar que la informaci\u00f3n contenida sea correcta, el Propietario no garantiza que sea exacta, completa o actualizada. Excursions Tickets Direct. declina expresamente cualquier responsabilidad por errores u omisiones en la informaci\u00f3n contenida en las p\u00e1ginas de este sitio web.<\/p>\n\n<p>Queda prohibido transmitir o enviar a trav\u00e9s del sitio web cualquier contenido ilegal o il\u00edcito, virus inform\u00e1ticos, o mensajes que, en general, afecten o violen derechos del Titular o de terceros.<\/p>\n\n<p>Los contenidos de <a href=\"https:\/\/excursionsticketsdirect.com\/es\"><\/a><a href=\"https:\/\/excursionsticketsdirect.com\/es\">https:\/\/excursionsticketsdirect.com<\/a> tienen \u00fanicamente una finalidad informativa y bajo ninguna circunstancia deben usarse ni considerarse como oferta de venta, solicitud de una oferta de compra ni recomendaci\u00f3n para realizar cualquier otra operaci\u00f3n, salvo que as\u00ed se indique expresamente.<\/p>\n\n<p>Raymar Real Estate, S.L. se reserva el derecho a modificar, suspender, cancelar o restringir el contenido de <a href=\"https:\/\/raymar.immo\/\" target=\"_blank\" rel=\"noreferrer noopener\"><\/a><a href=\"https:\/\/excursionsticketsdirect.com\/es\">https:\/\/excursionsticketsdirect.com,<\/a> los v\u00ednculos o la informaci\u00f3n obtenida a trav\u00e9s del sitio Web, sin necesidad de previo aviso.<\/p>\n\n<p>Excursions Tickets Direct no se hace responsable de los da\u00f1os y perjuicios que pudieran derivarse de la utilizaci\u00f3n de la informaci\u00f3n contenida en el sitio web o en las redes sociales del Titular.<\/p>\n\n<h3 class=\"wp-block-heading\">Pol\u00edtica de cookies<\/h3>\n\n<p>En la p\u00e1gina <a href=\"https:\/\/excursionsticketsdirect.com\/cookies-policy\" target=\"_blank\" rel=\"noreferrer noopener\">Pol\u00edtica de Cookies<\/a> puedes consultar toda la informaci\u00f3n relativa a la pol\u00edtica de recogida y tratamiento de las cookies.<\/p>\n\n<h3 class=\"wp-block-heading\">Enlaces a otros sitios web<\/h3>\n\n<p>El Titular podr\u00e1 facilitarte el acceso a p\u00e1ginas web de terceros mediante enlaces con la finalidad exclusiva de informarte sobre la existencia de otras fuentes de informaci\u00f3n en Internet donde podr\u00e1s ampliar los datos del sitio web.<\/p>\n\n<p>Estos enlaces a otros sitios Web no suponen en ning\u00fan caso una sugerencia o recomendaci\u00f3n para que visites las p\u00e1ginas web de destino, que est\u00e1n fuera del control del Titular, por lo que <a href=\"https:\/\/excursionsticketsdirect.com\/es\">Raymar Real Estate, S.L.<\/a> no es responsable del contenido de los sitios web vinculados ni del resultado que obtengas al seguir los enlaces.<\/p>\n\n<p>Asimismo, Excursions Tickets Direct no se hace responsable de los enlaces o v\u00ednculos ubicados en los sitios web enlazados a los que te proporciona acceso.<\/p>\n\n<p>El establecimiento del enlace no implica en ning\u00fan caso la existencia de relaciones entre Excursions Tickets Direct y el propietario del sitio en el que se establezca el enlace, ni la aceptaci\u00f3n o aprobaci\u00f3n por parte del Propietario de sus contenidos o servicios.<\/p>\n\n<p>Si accedes a un sitio web externo desde un enlace que encuentres en <a href=\"https:\/\/raymar.immo\/\"><\/a><a href=\"https:\/\/excursionsticketsdirect.com\/es\" target=\"_blank\" rel=\"noreferrer noopener\">https:\/\/excursionsticketsdirect.com<\/a> deber\u00e1s leer la propia pol\u00edtica de privacidad del otro sitio web que puede ser diferente de la de este sitio web.<\/p>\n\n<h3 class=\"wp-block-heading\">Propiedad intelectual e industrial<\/h3>\n\n<p>Todos los derechos reservados.<\/p>\n\n<p>Todo acceso a este sitio web est\u00e1 sujeto a las siguientes condiciones: la reproducci\u00f3n, el almacenamiento permanente y la difusi\u00f3n de los contenidos o cualquier otro uso con fines p\u00fablicos o comerciales quedan expresamente prohibidos sin el previo consentimiento expreso y por escrito de Excursions Tickets Direct.<\/p>\n\n<h3 class=\"wp-block-heading\">Limitaci\u00f3n de responsabilidad<\/h3>\n\n<p>Excursions Tickets Direct declina cualquier responsabilidad en caso de que existan interrupciones o un mal funcionamiento de los Servicios o contenidos ofrecidos en Internet, cualquiera que sea su causa. Asimismo, no se hace responsable por ca\u00eddas de la red, p\u00e9rdidas de negocio a consecuencia de dichas ca\u00eddas, suspensiones temporales del fluido el\u00e9ctrico o cualquier otro tipo de da\u00f1o indirecto que pueda ser causado por causas ajenas al Titular. <\/p>\n\n<p>Antes de tomar decisiones y\/o emprender acciones basadas en la informaci\u00f3n contenida en el sitio web, el Propietario te recomienda que compruebes y contrastes la informaci\u00f3n recibida con otras fuentes.<\/p>\n\n<h3 class=\"wp-block-heading\">Jurisdicci\u00f3n<\/h3>\n\n<p>El presente Aviso Legal se rige \u00edntegramente por la legislaci\u00f3n espa\u00f1ola.<\/p>\n\n<h3 class=\"wp-block-heading\">Contacto<\/h3>\n\n<p>Si tienes alguna pregunta sobre estos T\u00e9rminos y Condiciones o quieres hacer alg\u00fan comentario sobre este sitio web, env\u00eda un correo electr\u00f3nico a <a href=\"mailto:info@excursionsticketsdirect.com\">info@excursionsticketsdirect.com.<\/a><\/p>\n","protected":false},"excerpt":{"rendered":"<p>Identificaci\u00f3n y propiedad En cumplimiento del art\u00edculo 10 de la Ley 34\/2002, de 11 de julio, de Servicios de la Sociedad de la Informaci\u00f3n y Comercio Electr\u00f3nico, el Titular expone sus datos identificativos. Prop\u00f3sito La finalidad del sitio Web https:\/\/excursionsticketsdirect.com es Tienda online de venta de zapatos. Condiciones de uso La utilizaci\u00f3n del sitio web [&hellip;]<\/p>\n","protected":false},"author":1,"featured_media":0,"parent":0,"menu_order":0,"comment_status":"closed","ping_status":"closed","template":"","meta":{"site-sidebar-layout":"default","site-content-layout":"","ast-site-content-layout":"default","site-content-style":"default","site-sidebar-style":"default","ast-global-header-display":"","ast-banner-title-visibility":"","ast-main-header-display":"","ast-hfb-above-header-display":"","ast-hfb-below-header-display":"","ast-hfb-mobile-header-display":"","site-post-title":"","ast-breadcrumbs-content":"","ast-featured-img":"","footer-sml-layout":"","ast-disable-related-posts":"","theme-transparent-header-meta":"","adv-header-id-meta":"","stick-header-meta":"","header-above-stick-meta":"","header-main-stick-meta":"","header-below-stick-meta":"","astra-migrate-meta-layouts":"default","ast-page-background-enabled":"default","ast-page-background-meta":{"desktop":{"background-color":"var(--ast-global-color-4)","background-image":"","background-repeat":"repeat","background-position":"center center","background-size":"auto","background-attachment":"scroll","background-type":"","background-media":"","overlay-type":"","overlay-color":"","overlay-opacity":"","overlay-gradient":""},"tablet":{"background-color":"","background-image":"","background-repeat":"repeat","background-position":"center center","background-size":"auto","background-attachment":"scroll","background-type":"","background-media":"","overlay-type":"","overlay-color":"","overlay-opacity":"","overlay-gradient":""},"mobile":{"background-color":"","background-image":"","background-repeat":"repeat","background-position":"center center","background-size":"auto","background-attachment":"scroll","background-type":"","background-media":"","overlay-type":"","overlay-color":"","overlay-opacity":"","overlay-gradient":""}},"ast-content-background-meta":{"desktop":{"background-color":"var(--ast-global-color-5)","background-image":"","background-repeat":"repeat","background-position":"center center","background-size":"auto","background-attachment":"scroll","background-type":"","background-media":"","overlay-type":"","overlay-color":"","overlay-opacity":"","overlay-gradient":""},"tablet":{"background-color":"var(--ast-global-color-5)","background-image":"","background-repeat":"repeat","background-position":"center center","background-size":"auto","background-attachment":"scroll","background-type":"","background-media":"","overlay-type":"","overlay-color":"","overlay-opacity":"","overlay-gradient":""},"mobile":{"background-color":"var(--ast-global-color-5)","background-image":"","background-repeat":"repeat","background-position":"center center","background-size":"auto","background-attachment":"scroll","background-type":"","background-media":"","overlay-type":"","overlay-color":"","overlay-opacity":"","overlay-gradient":""}},"footnotes":""},"class_list":["post-6695","page","type-page","status-publish","hentry"],"yoast_head":"<!-- This site is optimized with the Yoast SEO plugin v27.4 - https:\/\/yoast.com\/product\/yoast-seo-wordpress\/ -->\n<title>Aviso legal - Excursiones en Lanzarote | Excursions Tickets Direct<\/title>\n<meta name=\"robots\" content=\"index, follow, max-snippet:-1, max-image-preview:large, max-video-preview:-1\" \/>\n<link rel=\"canonical\" href=\"https:\/\/excursionsticketsdirect.com\/legal-notice\/\" \/>\n<meta property=\"og:locale\" content=\"es_ES\" \/>\n<meta property=\"og:type\" content=\"article\" \/>\n<meta property=\"og:title\" content=\"Aviso legal - Excursiones en Lanzarote | Excursions Tickets Direct\" \/>\n<meta property=\"og:description\" content=\"Identificaci\u00f3n y propiedad En cumplimiento del art\u00edculo 10 de la Ley 34\/2002, de 11 de julio, de Servicios de la Sociedad de la Informaci\u00f3n y Comercio Electr\u00f3nico, el Titular expone sus datos identificativos. Prop\u00f3sito La finalidad del sitio Web https:\/\/excursionsticketsdirect.com es Tienda online de venta de zapatos. Condiciones de uso La utilizaci\u00f3n del sitio web [&hellip;]\" \/>\n<meta property=\"og:url\" content=\"https:\/\/excursionsticketsdirect.com\/legal-notice\/\" \/>\n<meta property=\"og:site_name\" content=\"Excursiones en Lanzarote | Excursions Tickets Direct\" \/>\n<meta property=\"article:publisher\" content=\"https:\/\/www.facebook.com\/profile.php?id=100094135025554\" \/>\n<meta property=\"article:modified_time\" content=\"2024-10-17T09:02:34+00:00\" \/>\n<meta name=\"twitter:card\" content=\"summary_large_image\" \/>\n<meta name=\"twitter:label1\" content=\"Tiempo de lectura\" \/>\n\t<meta name=\"twitter:data1\" content=\"6 minutos\" \/>\n<script type=\"application\/ld+json\" class=\"yoast-schema-graph\">{\"@context\":\"https:\\\/\\\/schema.org\",\"@graph\":[{\"@type\":\"WebPage\",\"@id\":\"https:\\\/\\\/excursionsticketsdirect.com\\\/legal-notice\\\/\",\"url\":\"https:\\\/\\\/excursionsticketsdirect.com\\\/legal-notice\\\/\",\"name\":\"Aviso legal - Excursiones en Lanzarote | Excursions Tickets Direct\",\"isPartOf\":{\"@id\":\"https:\\\/\\\/excursionsticketsdirect.com\\\/#website\"},\"datePublished\":\"2023-06-21T15:18:16+00:00\",\"dateModified\":\"2024-10-17T09:02:34+00:00\",\"breadcrumb\":{\"@id\":\"https:\\\/\\\/excursionsticketsdirect.com\\\/legal-notice\\\/#breadcrumb\"},\"inLanguage\":\"es\",\"potentialAction\":[{\"@type\":\"ReadAction\",\"target\":[\"https:\\\/\\\/excursionsticketsdirect.com\\\/legal-notice\\\/\"]}]},{\"@type\":\"BreadcrumbList\",\"@id\":\"https:\\\/\\\/excursionsticketsdirect.com\\\/legal-notice\\\/#breadcrumb\",\"itemListElement\":[{\"@type\":\"ListItem\",\"position\":1,\"name\":\"Portada\",\"item\":\"https:\\\/\\\/excursionsticketsdirect.com\\\/\"},{\"@type\":\"ListItem\",\"position\":2,\"name\":\"Aviso legal\"}]},{\"@type\":\"WebSite\",\"@id\":\"https:\\\/\\\/excursionsticketsdirect.com\\\/#website\",\"url\":\"https:\\\/\\\/excursionsticketsdirect.com\\\/\",\"name\":\"Excursions in Lanzarote | Excursions Tickets Direct\",\"description\":\"\u00a1Reserve su pr\u00f3xima aventura con Excursions Tickets Direct! Descubra los mejores tours y excursiones en Lanzarote y viva la isla como nunca antes. Desde emocionantes paisajes volc\u00e1nicos hasta impresionantes playas, le esperan nuestras aventuras cuidadosamente seleccionadas. \u00a1Asegura tu plaza ahora y crea recuerdos inolvidables en Lanzarote!\",\"publisher\":{\"@id\":\"https:\\\/\\\/excursionsticketsdirect.com\\\/#organization\"},\"potentialAction\":[{\"@type\":\"SearchAction\",\"target\":{\"@type\":\"EntryPoint\",\"urlTemplate\":\"https:\\\/\\\/excursionsticketsdirect.com\\\/?s={search_term_string}\"},\"query-input\":{\"@type\":\"PropertyValueSpecification\",\"valueRequired\":true,\"valueName\":\"search_term_string\"}}],\"inLanguage\":\"es\"},{\"@type\":\"Organization\",\"@id\":\"https:\\\/\\\/excursionsticketsdirect.com\\\/#organization\",\"name\":\"Excursions in Lanzarote | Excursions Tickets Direct\",\"url\":\"https:\\\/\\\/excursionsticketsdirect.com\\\/\",\"logo\":{\"@type\":\"ImageObject\",\"inLanguage\":\"es\",\"@id\":\"https:\\\/\\\/excursionsticketsdirect.com\\\/#\\\/schema\\\/logo\\\/image\\\/\",\"url\":\"https:\\\/\\\/excursionsticketsdirect.com\\\/wp-content\\\/uploads\\\/2023\\\/12\\\/cabecera-excursions-tickets-direct-logo.png\",\"contentUrl\":\"https:\\\/\\\/excursionsticketsdirect.com\\\/wp-content\\\/uploads\\\/2023\\\/12\\\/cabecera-excursions-tickets-direct-logo.png\",\"width\":250,\"height\":66,\"caption\":\"Excursions in Lanzarote | Excursions Tickets Direct\"},\"image\":{\"@id\":\"https:\\\/\\\/excursionsticketsdirect.com\\\/#\\\/schema\\\/logo\\\/image\\\/\"},\"sameAs\":[\"https:\\\/\\\/www.facebook.com\\\/profile.php?id=100094135025554\",\"https:\\\/\\\/www.instagram.com\\\/excursionsticketsdirect\\\/\",\"https:\\\/\\\/www.youtube.com\\\/@ExcursionsTicketsDirect\",\"https:\\\/\\\/www.tiktok.com\\\/@excursionsticketsdirect?_t=8f5GyywFxVA&_r=1\"]}]}<\/script>\n<!-- \/ Yoast SEO plugin. -->","yoast_head_json":{"title":"Aviso legal - Excursiones en Lanzarote | Excursions Tickets Direct","robots":{"index":"index","follow":"follow","max-snippet":"max-snippet:-1","max-image-preview":"max-image-preview:large","max-video-preview":"max-video-preview:-1"},"canonical":"https:\/\/excursionsticketsdirect.com\/legal-notice\/","og_locale":"es_ES","og_type":"article","og_title":"Aviso legal - Excursiones en Lanzarote | Excursions Tickets Direct","og_description":"Identificaci\u00f3n y propiedad En cumplimiento del art\u00edculo 10 de la Ley 34\/2002, de 11 de julio, de Servicios de la Sociedad de la Informaci\u00f3n y Comercio Electr\u00f3nico, el Titular expone sus datos identificativos. Prop\u00f3sito La finalidad del sitio Web https:\/\/excursionsticketsdirect.com es Tienda online de venta de zapatos. Condiciones de uso La utilizaci\u00f3n del sitio web [&hellip;]","og_url":"https:\/\/excursionsticketsdirect.com\/legal-notice\/","og_site_name":"Excursiones en Lanzarote | Excursions Tickets Direct","article_publisher":"https:\/\/www.facebook.com\/profile.php?id=100094135025554","article_modified_time":"2024-10-17T09:02:34+00:00","twitter_card":"summary_large_image","twitter_misc":{"Tiempo de lectura":"6 minutos"},"schema":{"@context":"https:\/\/schema.org","@graph":[{"@type":"WebPage","@id":"https:\/\/excursionsticketsdirect.com\/legal-notice\/","url":"https:\/\/excursionsticketsdirect.com\/legal-notice\/","name":"Aviso legal - Excursiones en Lanzarote | Excursions Tickets Direct","isPartOf":{"@id":"https:\/\/excursionsticketsdirect.com\/#website"},"datePublished":"2023-06-21T15:18:16+00:00","dateModified":"2024-10-17T09:02:34+00:00","breadcrumb":{"@id":"https:\/\/excursionsticketsdirect.com\/legal-notice\/#breadcrumb"},"inLanguage":"es","potentialAction":[{"@type":"ReadAction","target":["https:\/\/excursionsticketsdirect.com\/legal-notice\/"]}]},{"@type":"BreadcrumbList","@id":"https:\/\/excursionsticketsdirect.com\/legal-notice\/#breadcrumb","itemListElement":[{"@type":"ListItem","position":1,"name":"Portada","item":"https:\/\/excursionsticketsdirect.com\/"},{"@type":"ListItem","position":2,"name":"Aviso legal"}]},{"@type":"WebSite","@id":"https:\/\/excursionsticketsdirect.com\/#website","url":"https:\/\/excursionsticketsdirect.com\/","name":"Excursions in Lanzarote | Excursions Tickets Direct","description":"\u00a1Reserve su pr\u00f3xima aventura con Excursions Tickets Direct! Descubra los mejores tours y excursiones en Lanzarote y viva la isla como nunca antes. Desde emocionantes paisajes volc\u00e1nicos hasta impresionantes playas, le esperan nuestras aventuras cuidadosamente seleccionadas. \u00a1Asegura tu plaza ahora y crea recuerdos inolvidables en Lanzarote!","publisher":{"@id":"https:\/\/excursionsticketsdirect.com\/#organization"},"potentialAction":[{"@type":"SearchAction","target":{"@type":"EntryPoint","urlTemplate":"https:\/\/excursionsticketsdirect.com\/?s={search_term_string}"},"query-input":{"@type":"PropertyValueSpecification","valueRequired":true,"valueName":"search_term_string"}}],"inLanguage":"es"},{"@type":"Organization","@id":"https:\/\/excursionsticketsdirect.com\/#organization","name":"Excursions in Lanzarote | Excursions Tickets Direct","url":"https:\/\/excursionsticketsdirect.com\/","logo":{"@type":"ImageObject","inLanguage":"es","@id":"https:\/\/excursionsticketsdirect.com\/#\/schema\/logo\/image\/","url":"https:\/\/excursionsticketsdirect.com\/wp-content\/uploads\/2023\/12\/cabecera-excursions-tickets-direct-logo.png","contentUrl":"https:\/\/excursionsticketsdirect.com\/wp-content\/uploads\/2023\/12\/cabecera-excursions-tickets-direct-logo.png","width":250,"height":66,"caption":"Excursions in Lanzarote | Excursions Tickets Direct"},"image":{"@id":"https:\/\/excursionsticketsdirect.com\/#\/schema\/logo\/image\/"},"sameAs":["https:\/\/www.facebook.com\/profile.php?id=100094135025554","https:\/\/www.instagram.com\/excursionsticketsdirect\/","https:\/\/www.youtube.com\/@ExcursionsTicketsDirect","https:\/\/www.tiktok.com\/@excursionsticketsdirect?_t=8f5GyywFxVA&_r=1"]}]}},"_links":{"self":[{"href":"https:\/\/excursionsticketsdirect.com\/es\/wp-json\/wp\/v2\/pages\/6695","targetHints":{"allow":["GET"]}}],"collection":[{"href":"https:\/\/excursionsticketsdirect.com\/es\/wp-json\/wp\/v2\/pages"}],"about":[{"href":"https:\/\/excursionsticketsdirect.com\/es\/wp-json\/wp\/v2\/types\/page"}],"author":[{"embeddable":true,"href":"https:\/\/excursionsticketsdirect.com\/es\/wp-json\/wp\/v2\/users\/1"}],"replies":[{"embeddable":true,"href":"https:\/\/excursionsticketsdirect.com\/es\/wp-json\/wp\/v2\/comments?post=6695"}],"version-history":[{"count":0,"href":"https:\/\/excursionsticketsdirect.com\/es\/wp-json\/wp\/v2\/pages\/6695\/revisions"}],"wp:attachment":[{"href":"https:\/\/excursionsticketsdirect.com\/es\/wp-json\/wp\/v2\/media?parent=6695"}],"curies":[{"name":"wp","href":"https:\/\/api.w.org\/{rel}","templated":true}]}}